{"id":416,"date":"2025-10-01T17:16:48","date_gmt":"2025-10-01T17:16:48","guid":{"rendered":"https:\/\/gestorenergeticojcruz.com\/?page_id=416"},"modified":"2025-10-01T17:19:51","modified_gmt":"2025-10-01T17:19:51","slug":"declaracion-de-accesibilidade","status":"publish","type":"page","link":"https:\/\/gestorenergeticojcruz.com\/gl\/declaracion-de-accesibilidad\/","title":{"rendered":"Declaraci\u00f3n de accesibilidade"},"content":{"rendered":"<div data-elementor-type=\"wp-page\" data-elementor-id=\"416\" class=\"elementor elementor-416\" data-elementor-post-type=\"page\">\n\t\t\t\t<div class=\"elementor-element elementor-element-b5a7398 e-flex e-con-boxed e-con e-parent\" data-id=\"b5a7398\" data-element_type=\"container\" data-e-type=\"container\">\n\t\t\t\t\t<div class=\"e-con-inner\">\n\t\t\t\t<div class=\"elementor-element elementor-element-915a57d elementor-widget elementor-widget-heading\" data-id=\"915a57d\" data-element_type=\"widget\" data-e-type=\"widget\" data-widget_type=\"heading.default\">\n\t\t\t\t\t<h1 class=\"elementor-heading-title elementor-size-default\">Declaraci\u00f3n de accesibilidade<\/h1>\t\t\t\t<\/div>\n\t\t\t\t<div class=\"elementor-element elementor-element-a469d54 elementor-widget elementor-widget-text-editor\" data-id=\"a469d54\" data-element_type=\"widget\" data-e-type=\"widget\" data-widget_type=\"text-editor.default\">\n\t\t\t\t\t\t\t\t\t<p>Compromet\u00e9monos a facer que o noso sitio web sexa accesible de acordo coa\u00a0<a href=\"https:\/\/www.boe.es\/buscar\/act.php?id=BOE-A-2018-12699\" target=\"_blank\" rel=\"noopener\">Real Decreto 1112\/2018, do 7 de setembro<\/a>, sobre a accesibilidade dos sitios web e aplicaci\u00f3ns m\u00f3biles no sector p\u00fablico (en diante, Real Decreto 1112\/2018, do 7 de setembro).<\/p><p><b>Estado de conformidade<\/b><\/p><p>Este sitio web \u00e9\u00a0<b>parcialmente conforme<\/b>\u00a0co Real Decreto 1112\/2018, do 7 de setembro, debido \u00e1 falta de cumprimento dos aspectos que se indican a continuaci\u00f3n.<\/p><p><b>Contido non accesible<\/b><\/p><p>O contido que aparece a continuaci\u00f3n non \u00e9 accesible polos seguintes motivos:<\/p><ol><li aria-level=\"1\"><b>Carga desproporcionada<\/b>: : non aplicable.<\/li><\/ol><p><b>Preparaci\u00f3n desta declaraci\u00f3n de accesibilidade<\/b><\/p><p>Esta declaraci\u00f3n foi preparada o 1 de outubro de 2025.<\/p><p>O m\u00e9todo empregado para preparar a declaraci\u00f3n foi unha autoavaliaci\u00f3n levada a cabo pola propia axencia.<\/p><p><b>Comentarios e informaci\u00f3n de contacto<\/b><\/p><p>Podes realizar comunicaci\u00f3ns sobre os requisitos de accesibilidade (artigo 10.2.a) do Real Decreto 1112\/2018, do 7 de setembro) como, por exemplo:<\/p><ul><li aria-level=\"1\">Informar de calquera posible incumprimento por parte deste sitio web.<\/li><li aria-level=\"1\">Transmitir outras dificultades para acceder ao contido.<\/li><li aria-level=\"1\">Facer calquera outra consulta ou suxesti\u00f3n de mellora relacionada coa accesibilidade do sitio web.<\/li><\/ul><p>A trav\u00e9s das seguintes canles:<\/p><ul><li aria-level=\"1\">Correo electr\u00f3nico:\u00a0<a href=\"mailto:info@gestorenergeticojcruz.com\">info@gestorenergeticojcruz.com<\/a><\/li><li aria-level=\"1\">Tel\u00e9fono:\u00a0<a href=\"tel:+34600855600\">+34 600855600<\/a><\/li><\/ul><p>As comunicaci\u00f3ns ser\u00e1n recibidas e procesadas pola direcci\u00f3n da empresa, como unidade responsable do contido deste sitio web.<\/p><p><b>Contido opcional<\/b><\/p><p>A versi\u00f3n actualmente visible deste sitio web \u00e9 de outubro de 2025 e nesa data revisouse o nivel de accesibilidade vixente nese momento.<\/p><p>A partir desa data, real\u00edzanse revisi\u00f3ns parciais diarias dos contidos web novos ou modificados, tanto modelos como p\u00e1xinas e documentos finais publicados, para garantir o cumprimento dos requisitos de accesibilidade da Norma UNE-EN 301549:2019, considerando as excepci\u00f3ns do Real Decreto 1112\/2018, do 7 de setembro.<\/p><p>Entre outras, ad\u00f3ptanse as seguintes medidas para facilitar a accesibilidade:<\/p><ul><li aria-level=\"1\">Usando texto alternativo nas imaxes<\/li><li aria-level=\"1\">As ligaz\u00f3ns proporcionan detalles da funci\u00f3n ou do destino da hiperligaz\u00f3n.<\/li><li aria-level=\"1\">Uso dos est\u00e1ndares do W3C: XHTML 1.0, CSS 3.0, WAI AA.<\/li><\/ul>\t\t\t\t\t\t\t\t<\/div>\n\t\t\t\t\t<\/div>\n\t\t\t\t<\/div>\n\t\t\t\t<\/div>","protected":false},"excerpt":{"rendered":"<p>Estamos comprometidos a hacer accesible nuestro sitio web de conformidad con el\u00a0Real Decreto 1112\/2018, de 7 de septiembre, sobre accesibilidad de los sitios web y aplicaciones para dispositivos m\u00f3viles del sector p\u00fablico (en adelante, Real Decreto 1112\/2018, de 7 de septiembre). Situaci\u00f3n de cumplimiento Este sitio web es\u00a0parcialmente conforme\u00a0con el Real Decreto 1112\/2018, de 7 [&hellip;]<\/p>\n","protected":false},"author":1,"featured_media":0,"parent":0,"menu_order":0,"comment_status":"closed","ping_status":"closed","template":"","meta":{"footnotes":""},"class_list":["post-416","page","type-page","status-publish","hentry"],"_links":{"self":[{"href":"https:\/\/gestorenergeticojcruz.com\/gl\/wp-json\/wp\/v2\/pages\/416","targetHints":{"allow":["GET"]}}],"collection":[{"href":"https:\/\/gestorenergeticojcruz.com\/gl\/wp-json\/wp\/v2\/pages"}],"about":[{"href":"https:\/\/gestorenergeticojcruz.com\/gl\/wp-json\/wp\/v2\/types\/page"}],"author":[{"embeddable":true,"href":"https:\/\/gestorenergeticojcruz.com\/gl\/wp-json\/wp\/v2\/users\/1"}],"replies":[{"embeddable":true,"href":"https:\/\/gestorenergeticojcruz.com\/gl\/wp-json\/wp\/v2\/comments?post=416"}],"version-history":[{"count":4,"href":"https:\/\/gestorenergeticojcruz.com\/gl\/wp-json\/wp\/v2\/pages\/416\/revisions"}],"predecessor-version":[{"id":422,"href":"https:\/\/gestorenergeticojcruz.com\/gl\/wp-json\/wp\/v2\/pages\/416\/revisions\/422"}],"wp:attachment":[{"href":"https:\/\/gestorenergeticojcruz.com\/gl\/wp-json\/wp\/v2\/media?parent=416"}],"curies":[{"name":"wp","href":"https:\/\/api.w.org\/{rel}","templated":true}]}}